{"id":17218,"date":"2024-02-21T15:27:02","date_gmt":"2024-02-21T20:27:02","guid":{"rendered":"http:\/\/cool-hunteronline.com\/?post_type=product&#038;p=17218"},"modified":"2024-02-26T17:40:13","modified_gmt":"2024-02-26T22:40:13","slug":"modern-love-tee","status":"publish","type":"product","link":"https:\/\/cool-hunteronline.com\/es\/producto\/modern-love-tee\/","title":{"rendered":"Camiseta Modern Love"},"content":{"rendered":"<p>Ligero, ajuste cl\u00e1sico, manga de doble aguja y dobladillo inferior<\/p>\n<ul class=\"fusion-checklist fusion-checklist-1\" style=\"font-size:14px;line-height:23.8px;\"><\/p>\n\n<li class=\"fusion-li-item\"><span style=\"height:23.8px;width:23.8px;margin-right:9.8px;\" class=\"icon-wrapper circle-no\"><i class=\"fusion-li-icon fa fa-check\" style=\"color:#aaaaaa;\" aria-hidden=\"true\"><\/i><\/span><div class=\"fusion-li-item-content\" style=\"margin-left:33.6px;\"><span class=\"a-list-item\">Colores s\u00f3lidos: 100% Algod\u00f3n; Gris jaspeado: algod\u00f3n 90%, poli\u00e9ster 10%; Todos los dem\u00e1s brezos: 50% algod\u00f3n, 50% poli\u00e9ster<\/span><\/div><\/li>\n<li class=\"fusion-li-item\"><span style=\"height:23.8px;width:23.8px;margin-right:9.8px;\" class=\"icon-wrapper circle-no\"><i class=\"fusion-li-icon fa fa-check\" style=\"color:#aaaaaa;\" aria-hidden=\"true\"><\/i><\/span><div class=\"fusion-li-item-content\" style=\"margin-left:33.6px;\"><span class=\"a-list-item\">Importado<\/span><\/div><\/li>\n<li class=\"fusion-li-item\"><span style=\"height:23.8px;width:23.8px;margin-right:9.8px;\" class=\"icon-wrapper circle-no\"><i class=\"fusion-li-icon fa fa-check\" style=\"color:#aaaaaa;\" aria-hidden=\"true\"><\/i><\/span><div class=\"fusion-li-item-content\" style=\"margin-left:33.6px;\"><span class=\"a-list-item\">Lavar a m\u00e1quina con agua fr\u00eda con colores similares, secar a fuego lento<\/span><\/div><\/li>\n<li class=\"fusion-li-item\"><span style=\"height:23.8px;width:23.8px;margin-right:9.8px;\" class=\"icon-wrapper circle-no\"><i class=\"fusion-li-icon fa fa-check\" style=\"color:#aaaaaa;\" aria-hidden=\"true\"><\/i><\/span><div class=\"fusion-li-item-content\" style=\"margin-left:33.6px;\"><span class=\"a-list-item\">\u00a1Cupido no tiene ninguna posibilidad con esta linda camiseta con estampado de San Valent\u00edn en forma de coraz\u00f3n para ni\u00f1os y adultos en la escuela o el trabajo este febrero! \u00a1Les ENCANTAR\u00c1 este regalo de coraz\u00f3n!<\/span><\/div><\/li>\n<li class=\"fusion-li-item\"><span style=\"height:23.8px;width:23.8px;margin-right:9.8px;\" class=\"icon-wrapper circle-no\"><i class=\"fusion-li-icon fa fa-check\" style=\"color:#aaaaaa;\" aria-hidden=\"true\"><\/i><\/span><div class=\"fusion-li-item-content\" style=\"margin-left:33.6px;\"><span class=\"a-list-item\">Ligero, ajuste cl\u00e1sico, manga de doble aguja y dobladillo inferior<\/span><\/div><\/li>\n\n<p><\/ul>","protected":false},"excerpt":{"rendered":"<p>Ligero, ajuste cl\u00e1sico, manga de doble aguja y dobladillo inferior<\/p>","protected":false},"featured_media":17619,"template":"","meta":[],"product_brand":[],"product_cat":[101,79],"product_tag":[],"class_list":{"0":"post-17218","1":"product","2":"type-product","3":"status-publish","4":"has-post-thumbnail","6":"product_cat-blouses","7":"product_cat-women","8":"product-grid-view","10":"first","11":"instock","12":"taxable","13":"shipping-taxable","14":"purchasable","15":"product-type-simple"},"_links":{"self":[{"href":"https:\/\/cool-hunteronline.com\/es\/wp-json\/wp\/v2\/product\/17218","targetHints":{"allow":["GET"]}}],"collection":[{"href":"https:\/\/cool-hunteronline.com\/es\/wp-json\/wp\/v2\/product"}],"about":[{"href":"https:\/\/cool-hunteronline.com\/es\/wp-json\/wp\/v2\/types\/product"}],"wp:featuredmedia":[{"embeddable":true,"href":"https:\/\/cool-hunteronline.com\/es\/wp-json\/wp\/v2\/media\/17619"}],"wp:attachment":[{"href":"https:\/\/cool-hunteronline.com\/es\/wp-json\/wp\/v2\/media?parent=17218"}],"wp:term":[{"taxonomy":"product_brand","embeddable":true,"href":"https:\/\/cool-hunteronline.com\/es\/wp-json\/wp\/v2\/product_brand?post=17218"},{"taxonomy":"product_cat","embeddable":true,"href":"https:\/\/cool-hunteronline.com\/es\/wp-json\/wp\/v2\/product_cat?post=17218"},{"taxonomy":"product_tag","embeddable":true,"href":"https:\/\/cool-hunteronline.com\/es\/wp-json\/wp\/v2\/product_tag?post=17218"}],"curies":[{"name":"wp","href":"https:\/\/api.w.org\/{rel}","templated":true}]}}