{"id":17214,"date":"2024-02-21T15:27:02","date_gmt":"2024-02-21T20:27:02","guid":{"rendered":"http:\/\/cool-hunteronline.com\/?post_type=product&#038;p=17214"},"modified":"2024-02-21T15:27:02","modified_gmt":"2024-02-21T20:27:02","slug":"black-leather-jacket","status":"publish","type":"product","link":"https:\/\/cool-hunteronline.com\/es\/producto\/black-leather-jacket\/","title":{"rendered":"Jacket de cuero negro"},"content":{"rendered":"<p>Chaqueta de moto de cuero con capucha y pechera extra\u00edbles<\/p>\n<ul class=\"fusion-checklist fusion-checklist-1\" style=\"font-size:14px;line-height:23.8px;\"><\/p>\n\n<li class=\"fusion-li-item\"><span style=\"height:23.8px;width:23.8px;margin-right:9.8px;\" class=\"icon-wrapper circle-no\"><i class=\"fusion-li-icon fa fa-check\" style=\"color:#aaaaaa;\" aria-hidden=\"true\"><\/i><\/span><div class=\"fusion-li-item-content\" style=\"margin-left:33.6px;\"><span class=\"a-list-item\">100% Cuero<\/span><\/div><\/li>\n<li class=\"fusion-li-item\"><span style=\"height:23.8px;width:23.8px;margin-right:9.8px;\" class=\"icon-wrapper circle-no\"><i class=\"fusion-li-icon fa fa-check\" style=\"color:#aaaaaa;\" aria-hidden=\"true\"><\/i><\/span><div class=\"fusion-li-item-content\" style=\"margin-left:33.6px;\"><span class=\"a-list-item\">Importado<\/span><\/div><\/li>\n<li class=\"fusion-li-item\"><span style=\"height:23.8px;width:23.8px;margin-right:9.8px;\" class=\"icon-wrapper circle-no\"><i class=\"fusion-li-icon fa fa-check\" style=\"color:#aaaaaa;\" aria-hidden=\"true\"><\/i><\/span><div class=\"fusion-li-item-content\" style=\"margin-left:33.6px;\"><span class=\"a-list-item\">Lavado a mano<\/span><\/div><\/li>\n<li class=\"fusion-li-item\"><span style=\"height:23.8px;width:23.8px;margin-right:9.8px;\" class=\"icon-wrapper circle-no\"><i class=\"fusion-li-icon fa fa-check\" style=\"color:#aaaaaa;\" aria-hidden=\"true\"><\/i><\/span><div class=\"fusion-li-item-content\" style=\"margin-left:33.6px;\"><span class=\"a-list-item\">FUNCIONALIDAD: Cierre de cremallera frontal central; Dos bolsillos de ribete inferiores con cierres de cremallera; Dos bolsillos de ribete en el pecho con cierres de cremallera<\/span><\/div><\/li>\n<li class=\"fusion-li-item\"><span style=\"height:23.8px;width:23.8px;margin-right:9.8px;\" class=\"icon-wrapper circle-no\"><i class=\"fusion-li-icon fa fa-check\" style=\"color:#aaaaaa;\" aria-hidden=\"true\"><\/i><\/span><div class=\"fusion-li-item-content\" style=\"margin-left:33.6px;\"><span class=\"a-list-item\">CARACTER\u00cdSTICAS CON ESTILO: Babero extra\u00edble con capucha y cremallera; Cuello estilo moto cl\u00e1sico con broche ajustable<\/span><\/div><\/li>\n<li class=\"fusion-li-item\"><span style=\"height:23.8px;width:23.8px;margin-right:9.8px;\" class=\"icon-wrapper circle-no\"><i class=\"fusion-li-icon fa fa-check\" style=\"color:#aaaaaa;\" aria-hidden=\"true\"><\/i><\/span><div class=\"fusion-li-item-content\" style=\"margin-left:33.6px;\"><span class=\"a-list-item\">VERSATILIDAD: La piel sint\u00e9tica hace que esta chaqueta sea un elemento b\u00e1sico en el armario de todos los hombres; Es perfecto para la transici\u00f3n entre estaciones o para usar como una pieza de capas.<\/span><\/div><\/li>\n\n<p><\/ul>","protected":false},"excerpt":{"rendered":"<div id=\"dp_productDescription_container_div\" class=\"celwidget\" data-feature-name=\"productDescription\" data-csa-c-id=\"o3cusy-itlsdc-jlxrjb-9vg85p\" data-cel-widget=\"dp_productDescription_container_div\">\n<div>\n<div id=\"productDescription_feature_div\" class=\"a-row feature\" data-feature-name=\"productDescription\" data-template-name=\"productDescription\" data-cel-widget=\"productDescription_feature_div\">\n<div id=\"productDescription\" class=\"a-section a-spacing-small\">\n<p>Con un forro de su\u00e9ter con cierre de cremallera y un dise\u00f1o de cuello simulado, esta chaqueta de cuero aporta un aspecto elegante y seguro a cualquier armario. La chaqueta ofrece cuatro bolsillos exteriores.<\/p>\n<\/div>\n<\/div>\n<\/div>\n<\/div>\n<div id=\"detailBullets\" class=\"celwidget\" data-feature-name=\"detailBullets\" data-csa-c-id=\"84lppt-lq3oa7-klklot-7cxe7z\" data-cel-widget=\"detailBullets\">\n<div id=\"detailBulletsWrapper_feature_div\" class=\"a-section feature detail-bullets-wrapper bucket\" data-feature-name=\"detailBullets\" data-template-name=\"detailBullets\" data-cel-widget=\"detailBulletsWrapper_feature_div\"><\/div>\n<\/div>","protected":false},"featured_media":17634,"template":"","meta":[],"product_brand":[],"product_cat":[58,97],"product_tag":[],"class_list":{"0":"post-17214","1":"product","2":"type-product","3":"status-publish","4":"has-post-thumbnail","6":"product_cat-men","7":"product_cat-men-jackets","8":"product-grid-view","10":"first","11":"instock","12":"sale","13":"featured","14":"taxable","15":"shipping-taxable","16":"purchasable","17":"product-type-simple"},"_links":{"self":[{"href":"https:\/\/cool-hunteronline.com\/es\/wp-json\/wp\/v2\/product\/17214","targetHints":{"allow":["GET"]}}],"collection":[{"href":"https:\/\/cool-hunteronline.com\/es\/wp-json\/wp\/v2\/product"}],"about":[{"href":"https:\/\/cool-hunteronline.com\/es\/wp-json\/wp\/v2\/types\/product"}],"wp:featuredmedia":[{"embeddable":true,"href":"https:\/\/cool-hunteronline.com\/es\/wp-json\/wp\/v2\/media\/17634"}],"wp:attachment":[{"href":"https:\/\/cool-hunteronline.com\/es\/wp-json\/wp\/v2\/media?parent=17214"}],"wp:term":[{"taxonomy":"product_brand","embeddable":true,"href":"https:\/\/cool-hunteronline.com\/es\/wp-json\/wp\/v2\/product_brand?post=17214"},{"taxonomy":"product_cat","embeddable":true,"href":"https:\/\/cool-hunteronline.com\/es\/wp-json\/wp\/v2\/product_cat?post=17214"},{"taxonomy":"product_tag","embeddable":true,"href":"https:\/\/cool-hunteronline.com\/es\/wp-json\/wp\/v2\/product_tag?post=17214"}],"curies":[{"name":"wp","href":"https:\/\/api.w.org\/{rel}","templated":true}]}}