{"id":17195,"date":"2024-02-21T15:27:02","date_gmt":"2024-02-21T20:27:02","guid":{"rendered":"http:\/\/cool-hunteronline.com\/?post_type=product&#038;p=17195"},"modified":"2024-02-21T15:27:02","modified_gmt":"2024-02-21T20:27:02","slug":"leather-gloves","status":"publish","type":"product","link":"https:\/\/cool-hunteronline.com\/es\/producto\/leather-gloves\/","title":{"rendered":"Guantes de cuero"},"content":{"rendered":"<p>Guante de ciclismo con cierre a presi\u00f3n de pantalla t\u00e1ctil de cuero Guantes impermeables c\u00e1lidos para montar al aire libre<\/p>\n<ul class=\"fusion-checklist fusion-checklist-1\" style=\"font-size:14px;line-height:23.8px;\"><\/p>\n\n<li class=\"fusion-li-item\"><span style=\"height:23.8px;width:23.8px;margin-right:9.8px;\" class=\"icon-wrapper circle-no\"><i class=\"fusion-li-icon fa fa-check\" style=\"color:#aaaaaa;\" aria-hidden=\"true\"><\/i><\/span><div class=\"fusion-li-item-content\" style=\"margin-left:33.6px;\"><span class=\"a-list-item\">Broche de cierre<\/span><\/div><\/li>\n<li class=\"fusion-li-item\"><span style=\"height:23.8px;width:23.8px;margin-right:9.8px;\" class=\"icon-wrapper circle-no\"><i class=\"fusion-li-icon fa fa-check\" style=\"color:#aaaaaa;\" aria-hidden=\"true\"><\/i><\/span><div class=\"fusion-li-item-content\" style=\"margin-left:33.6px;\"><span class=\"a-list-item\">M\u00daLTIPLES USOS: Excelente opci\u00f3n para usar guantes para conducir, correr, andar en bicicleta, caminar y otras actividades al aire libre en climas fr\u00edos.Tambi\u00e9n es un gran regalo para su novio, padre, esposo, hijo, etc.<\/span><\/div><\/li>\n<li class=\"fusion-li-item\"><span style=\"height:23.8px;width:23.8px;margin-right:9.8px;\" class=\"icon-wrapper circle-no\"><i class=\"fusion-li-icon fa fa-check\" style=\"color:#aaaaaa;\" aria-hidden=\"true\"><\/i><\/span><div class=\"fusion-li-item-content\" style=\"margin-left:33.6px;\"><span class=\"a-list-item\">GUANTES CALIENTES: El forro polar interior es suave y c\u00f3modo y te da una sensaci\u00f3n real en tu piel.<\/span><\/div><\/li>\n<li class=\"fusion-li-item\"><span style=\"height:23.8px;width:23.8px;margin-right:9.8px;\" class=\"icon-wrapper circle-no\"><i class=\"fusion-li-icon fa fa-check\" style=\"color:#aaaaaa;\" aria-hidden=\"true\"><\/i><\/span><div class=\"fusion-li-item-content\" style=\"margin-left:33.6px;\"><span class=\"a-list-item\">DISE\u00d1O DE MODA: combine perfectamente con sus atuendos con el dise\u00f1o simple y conciso. Nuestros guantes de cuero para hombre son pr\u00e1cticos y elegantes. El cierre a presi\u00f3n puede ajustar el tama\u00f1o de su mu\u00f1eca y tiene un fuerte efecto a prueba de viento que lo mantiene abrigado durante todo el invierno.<\/span><\/div><\/li>\n<li class=\"fusion-li-item\"><span style=\"height:23.8px;width:23.8px;margin-right:9.8px;\" class=\"icon-wrapper circle-no\"><i class=\"fusion-li-icon fa fa-check\" style=\"color:#aaaaaa;\" aria-hidden=\"true\"><\/i><\/span><div class=\"fusion-li-item-content\" style=\"margin-left:33.6px;\"><span class=\"a-list-item\">MATERIAL: Hecho de cuero de poliuretano y forro polar que es conveniente para limpiar y mantener el cuero, sin miedo al agua, larga vida \u00fatil.<\/span><\/div><\/li>\n\n<p><\/ul>","protected":false},"excerpt":{"rendered":"<p>Guante de ciclismo con cierre a presi\u00f3n de pantalla t\u00e1ctil de cuero Guantes impermeables c\u00e1lidos para montar al aire libre<\/p>","protected":false},"featured_media":17647,"template":"","meta":[],"product_brand":[],"product_cat":[29,105,58,79],"product_tag":[],"class_list":{"0":"post-17195","1":"product","2":"type-product","3":"status-publish","4":"has-post-thumbnail","6":"product_cat-accessories","7":"product_cat-gloves","8":"product_cat-men","9":"product_cat-women","10":"product-grid-view","12":"first","13":"instock","14":"taxable","15":"shipping-taxable","16":"purchasable","17":"product-type-simple"},"_links":{"self":[{"href":"https:\/\/cool-hunteronline.com\/es\/wp-json\/wp\/v2\/product\/17195","targetHints":{"allow":["GET"]}}],"collection":[{"href":"https:\/\/cool-hunteronline.com\/es\/wp-json\/wp\/v2\/product"}],"about":[{"href":"https:\/\/cool-hunteronline.com\/es\/wp-json\/wp\/v2\/types\/product"}],"wp:featuredmedia":[{"embeddable":true,"href":"https:\/\/cool-hunteronline.com\/es\/wp-json\/wp\/v2\/media\/17647"}],"wp:attachment":[{"href":"https:\/\/cool-hunteronline.com\/es\/wp-json\/wp\/v2\/media?parent=17195"}],"wp:term":[{"taxonomy":"product_brand","embeddable":true,"href":"https:\/\/cool-hunteronline.com\/es\/wp-json\/wp\/v2\/product_brand?post=17195"},{"taxonomy":"product_cat","embeddable":true,"href":"https:\/\/cool-hunteronline.com\/es\/wp-json\/wp\/v2\/product_cat?post=17195"},{"taxonomy":"product_tag","embeddable":true,"href":"https:\/\/cool-hunteronline.com\/es\/wp-json\/wp\/v2\/product_tag?post=17195"}],"curies":[{"name":"wp","href":"https:\/\/api.w.org\/{rel}","templated":true}]}}