{"id":16469,"date":"2024-02-21T15:27:01","date_gmt":"2024-02-21T20:27:01","guid":{"rendered":"http:\/\/cool-hunteronline.com\/?post_type=product&#038;p=16469"},"modified":"2024-02-21T15:27:01","modified_gmt":"2024-02-21T20:27:01","slug":"casual-white-tank","status":"publish","type":"product","link":"https:\/\/cool-hunteronline.com\/es\/producto\/casual-white-tank\/","title":{"rendered":"Camiseta sin mangas blanca informal"},"content":{"rendered":"<p>Camisetas sin mangas con cuello en V para mujer Camisas sin mangas casuales Ajuste holgado<\/p>\n<ul class=\"fusion-checklist fusion-checklist-1\" style=\"font-size:14px;line-height:23.8px;\"><\/p>\n\n<li class=\"fusion-li-item\"><span style=\"height:23.8px;width:23.8px;margin-right:9.8px;\" class=\"icon-wrapper circle-no\"><i class=\"fusion-li-icon fa fa-check\" style=\"color:#aaaaaa;\" aria-hidden=\"true\"><\/i><\/span><div class=\"fusion-li-item-content\" style=\"margin-left:33.6px;\"><span class=\"a-list-item\">Poli\u00e9ster 60%<\/span><\/div><\/li>\n<li class=\"fusion-li-item\"><span style=\"height:23.8px;width:23.8px;margin-right:9.8px;\" class=\"icon-wrapper circle-no\"><i class=\"fusion-li-icon fa fa-check\" style=\"color:#aaaaaa;\" aria-hidden=\"true\"><\/i><\/span><div class=\"fusion-li-item-content\" style=\"margin-left:33.6px;\"><span class=\"a-list-item\">Cierre el\u00e1stico<\/span><\/div><\/li>\n<li class=\"fusion-li-item\"><span style=\"height:23.8px;width:23.8px;margin-right:9.8px;\" class=\"icon-wrapper circle-no\"><i class=\"fusion-li-icon fa fa-check\" style=\"color:#aaaaaa;\" aria-hidden=\"true\"><\/i><\/span><div class=\"fusion-li-item-content\" style=\"margin-left:33.6px;\"><span class=\"a-list-item\">Secar en secadora a baja temperatura<\/span><\/div><\/li>\n<li class=\"fusion-li-item\"><span style=\"height:23.8px;width:23.8px;margin-right:9.8px;\" class=\"icon-wrapper circle-no\"><i class=\"fusion-li-icon fa fa-check\" style=\"color:#aaaaaa;\" aria-hidden=\"true\"><\/i><\/span><div class=\"fusion-li-item-content\" style=\"margin-left:33.6px;\"><span class=\"a-list-item\">Material: poli\u00e9ster 60%, 35%rayon, 5%spandex; peso ligero, material de alta calidad, el\u00e1stico, suave<\/span><\/div><\/li>\n<li class=\"fusion-li-item\"><span style=\"height:23.8px;width:23.8px;margin-right:9.8px;\" class=\"icon-wrapper circle-no\"><i class=\"fusion-li-icon fa fa-check\" style=\"color:#aaaaaa;\" aria-hidden=\"true\"><\/i><\/span><div class=\"fusion-li-item-content\" style=\"margin-left:33.6px;\"><span class=\"a-list-item\">Caracter\u00edstica: el dise\u00f1o de la camisa con volantes en los lados, camisetas sin mangas con cuello en V profundo de verano para mujeres, camisetas de colores s\u00f3lidos, camisas sin mangas con dobladillo alto y bajo.<\/span><\/div><\/li>\n<li class=\"fusion-li-item\"><span style=\"height:23.8px;width:23.8px;margin-right:9.8px;\" class=\"icon-wrapper circle-no\"><i class=\"fusion-li-icon fa fa-check\" style=\"color:#aaaaaa;\" aria-hidden=\"true\"><\/i><\/span><div class=\"fusion-li-item-content\" style=\"margin-left:33.6px;\"><span class=\"a-list-item\">C\u00f3modo y holgado: la blusa b\u00e1sica es muy c\u00f3moda de usar y no te sentir\u00e1s apretada en las axilas.El estilo de la camisa es lo suficientemente holgado como para cubrir la comida de tu beb\u00e9.<\/span><\/div><\/li>\n<li class=\"fusion-li-item\"><span style=\"height:23.8px;width:23.8px;margin-right:9.8px;\" class=\"icon-wrapper circle-no\"><i class=\"fusion-li-icon fa fa-check\" style=\"color:#aaaaaa;\" aria-hidden=\"true\"><\/i><\/span><div class=\"fusion-li-item-content\" style=\"margin-left:33.6px;\"><span class=\"a-list-item\">Uso perfecto con leggings, jeans, faldas o pantalones cortos.<\/span><\/div><\/li>\n<li class=\"fusion-li-item\"><span style=\"height:23.8px;width:23.8px;margin-right:9.8px;\" class=\"icon-wrapper circle-no\"><i class=\"fusion-li-icon fa fa-check\" style=\"color:#aaaaaa;\" aria-hidden=\"true\"><\/i><\/span><div class=\"fusion-li-item-content\" style=\"margin-left:33.6px;\"><span class=\"a-list-item\">CUIDADO DE LAVADO: lavar a m\u00e1quina o lavar a mano en agua fr\u00eda, sin insolaci\u00f3n, sin blanquear, no secar con calor<\/span><\/div><\/li>\n\n<p><\/ul>","protected":false},"excerpt":{"rendered":"<p>Camisetas sin mangas con cuello en V para mujer Camisas sin mangas casuales Ajuste holgado<\/p>","protected":false},"featured_media":17626,"template":"","meta":[],"product_brand":[],"product_cat":[101,79],"product_tag":[],"class_list":{"0":"post-16469","1":"product","2":"type-product","3":"status-publish","4":"has-post-thumbnail","6":"product_cat-blouses","7":"product_cat-women","8":"product-grid-view","10":"first","11":"instock","12":"taxable","13":"shipping-taxable","14":"purchasable","15":"product-type-simple"},"_links":{"self":[{"href":"https:\/\/cool-hunteronline.com\/es\/wp-json\/wp\/v2\/product\/16469","targetHints":{"allow":["GET"]}}],"collection":[{"href":"https:\/\/cool-hunteronline.com\/es\/wp-json\/wp\/v2\/product"}],"about":[{"href":"https:\/\/cool-hunteronline.com\/es\/wp-json\/wp\/v2\/types\/product"}],"wp:featuredmedia":[{"embeddable":true,"href":"https:\/\/cool-hunteronline.com\/es\/wp-json\/wp\/v2\/media\/17626"}],"wp:attachment":[{"href":"https:\/\/cool-hunteronline.com\/es\/wp-json\/wp\/v2\/media?parent=16469"}],"wp:term":[{"taxonomy":"product_brand","embeddable":true,"href":"https:\/\/cool-hunteronline.com\/es\/wp-json\/wp\/v2\/product_brand?post=16469"},{"taxonomy":"product_cat","embeddable":true,"href":"https:\/\/cool-hunteronline.com\/es\/wp-json\/wp\/v2\/product_cat?post=16469"},{"taxonomy":"product_tag","embeddable":true,"href":"https:\/\/cool-hunteronline.com\/es\/wp-json\/wp\/v2\/product_tag?post=16469"}],"curies":[{"name":"wp","href":"https:\/\/api.w.org\/{rel}","templated":true}]}}