{"id":16468,"date":"2024-02-21T15:27:01","date_gmt":"2024-02-21T20:27:01","guid":{"rendered":"http:\/\/cool-hunteronline.com\/?post_type=product&#038;p=16468"},"modified":"2024-02-21T15:27:01","modified_gmt":"2024-02-21T20:27:01","slug":"blue-leather-jacket","status":"publish","type":"product","link":"https:\/\/cool-hunteronline.com\/es\/producto\/blue-leather-jacket\/","title":{"rendered":"Jacket de cuero azul"},"content":{"rendered":"<p>Cortavientos casual para hombre Prendas de abrigo Chaquetas ligeras de algod\u00f3n<\/p>\n<ul class=\"fusion-checklist fusion-checklist-1\" style=\"font-size:14px;line-height:23.8px;\"><\/p>\n\n<li class=\"fusion-li-item\"><span style=\"height:23.8px;width:23.8px;margin-right:9.8px;\" class=\"icon-wrapper circle-no\"><i class=\"fusion-li-icon fa fa-check\" style=\"color:#aaaaaa;\" aria-hidden=\"true\"><\/i><\/span><div class=\"fusion-li-item-content\" style=\"margin-left:33.6px;\"><span class=\"a-list-item\">Material: 100% Algod\u00f3n, Forro 100% Poli\u00e9ster<\/span><\/div><\/li>\n<li class=\"fusion-li-item\"><span style=\"height:23.8px;width:23.8px;margin-right:9.8px;\" class=\"icon-wrapper circle-no\"><i class=\"fusion-li-icon fa fa-check\" style=\"color:#aaaaaa;\" aria-hidden=\"true\"><\/i><\/span><div class=\"fusion-li-item-content\" style=\"margin-left:33.6px;\"><span class=\"a-list-item\">Cuello alto con canal\u00e9, pu\u00f1os y dobladillo de canal\u00e9 de punto, cierre de cremallera frontal<\/span><\/div><\/li>\n<li class=\"fusion-li-item\"><span style=\"height:23.8px;width:23.8px;margin-right:9.8px;\" class=\"icon-wrapper circle-no\"><i class=\"fusion-li-icon fa fa-check\" style=\"color:#aaaaaa;\" aria-hidden=\"true\"><\/i><\/span><div class=\"fusion-li-item-content\" style=\"margin-left:33.6px;\"><span class=\"a-list-item\">Adecuado para cada ocasi\u00f3n, como viajar, trabajar, etc.<\/span><\/div><\/li>\n<li class=\"fusion-li-item\"><span style=\"height:23.8px;width:23.8px;margin-right:9.8px;\" class=\"icon-wrapper circle-no\"><i class=\"fusion-li-icon fa fa-check\" style=\"color:#aaaaaa;\" aria-hidden=\"true\"><\/i><\/span><div class=\"fusion-li-item-content\" style=\"margin-left:33.6px;\"><span class=\"a-list-item\">Lavable a m\u00e1quina \/ No usar lej\u00eda \/ Planchar a baja temperatura si es necesario<\/span><\/div><\/li>\n<li class=\"fusion-li-item\"><span style=\"height:23.8px;width:23.8px;margin-right:9.8px;\" class=\"icon-wrapper circle-no\"><i class=\"fusion-li-icon fa fa-check\" style=\"color:#aaaaaa;\" aria-hidden=\"true\"><\/i><\/span><div class=\"fusion-li-item-content\" style=\"margin-left:33.6px;\"><span class=\"a-list-item\">Comprueba cuidadosamente las medidas en la descripci\u00f3n del producto antes de comprar.<\/span><\/div><\/li>\n\n<p><\/ul>","protected":false},"excerpt":{"rendered":"<p>Cortavientos casual para hombre Prendas de abrigo Chaquetas ligeras de algod\u00f3n<\/p>","protected":false},"featured_media":17642,"template":"","meta":[],"product_brand":[],"product_cat":[58,97],"product_tag":[],"class_list":{"0":"post-16468","1":"product","2":"type-product","3":"status-publish","4":"has-post-thumbnail","6":"product_cat-men","7":"product_cat-men-jackets","8":"product-grid-view","10":"first","11":"instock","12":"sale","13":"featured","14":"taxable","15":"shipping-taxable","16":"purchasable","17":"product-type-simple"},"_links":{"self":[{"href":"https:\/\/cool-hunteronline.com\/es\/wp-json\/wp\/v2\/product\/16468","targetHints":{"allow":["GET"]}}],"collection":[{"href":"https:\/\/cool-hunteronline.com\/es\/wp-json\/wp\/v2\/product"}],"about":[{"href":"https:\/\/cool-hunteronline.com\/es\/wp-json\/wp\/v2\/types\/product"}],"wp:featuredmedia":[{"embeddable":true,"href":"https:\/\/cool-hunteronline.com\/es\/wp-json\/wp\/v2\/media\/17642"}],"wp:attachment":[{"href":"https:\/\/cool-hunteronline.com\/es\/wp-json\/wp\/v2\/media?parent=16468"}],"wp:term":[{"taxonomy":"product_brand","embeddable":true,"href":"https:\/\/cool-hunteronline.com\/es\/wp-json\/wp\/v2\/product_brand?post=16468"},{"taxonomy":"product_cat","embeddable":true,"href":"https:\/\/cool-hunteronline.com\/es\/wp-json\/wp\/v2\/product_cat?post=16468"},{"taxonomy":"product_tag","embeddable":true,"href":"https:\/\/cool-hunteronline.com\/es\/wp-json\/wp\/v2\/product_tag?post=16468"}],"curies":[{"name":"wp","href":"https:\/\/api.w.org\/{rel}","templated":true}]}}