{"id":3,"date":"2024-02-21T15:29:51","date_gmt":"2024-02-21T20:29:51","guid":{"rendered":"http:\/\/cool-hunteronline.com\/?page_id=3"},"modified":"2024-02-21T16:14:24","modified_gmt":"2024-02-21T21:14:24","slug":"privacy-policy","status":"publish","type":"page","link":"https:\/\/cool-hunteronline.com\/es\/politica-de-privacidad\/","title":{"rendered":"Pol\u00edtica de privacidad"},"content":{"rendered":"<div class=\"fusion-fullwidth fullwidth-box fusion-builder-row-1 fusion-flex-container nonhundred-percent-fullwidth non-hundred-percent-height-scrolling\" style=\"background-color: #ffffff;background-position: center center;background-repeat: no-repeat;border-width: 0px 0px 0px 0px;border-color:#eae9e9;border-style:solid;\" ><div class=\"fusion-builder-row fusion-row fusion-flex-align-items-flex-start\" style=\"max-width:calc( 1170px + 0px );margin-left: calc(-0px \/ 2 );margin-right: calc(-0px \/ 2 );\"><div class=\"fusion-layout-column fusion_builder_column fusion-builder-column-0 fusion_builder_column_1_1 1_1 fusion-flex-column\"><div class=\"fusion-column-wrapper fusion-flex-justify-content-flex-start fusion-content-layout-column\" style=\"background-position:left top;background-repeat:no-repeat;-webkit-background-size:cover;-moz-background-size:cover;-o-background-size:cover;background-size:cover;padding: 0px 0px 0px 0px;\"><div class=\"fusion-text fusion-text-1\"><\/p>\n<h1 class=\"fusion-responsive-typography-calculated wp-block-heading\" style=\"--fontsize: 38;line-height: 1.26\" data-fontsize=\"38\" data-lineheight=\"47.88px\">POL\u00cdTICA DE PRIVACIDAD<\/h1>\n<p style=\"font-size: 17px\"><span style=\"letter-spacing: normal\" data-fusion-font=\"true\"><span style=\"font-size: 15px;line-height: 29px\" data-fusion-font=\"true\">SECCI\u00d3N 1 - \u00bfQU\u00c9 HACEMOS CON SU INFORMACI\u00d3N?<\/span><br \/><\/span><\/p>\n<p><span style=\"letter-spacing: normal\" data-fusion-font=\"true\"><span style=\"font-size: 15px\" data-fusion-font=\"true\"><span style=\"line-height: 29px\" data-fusion-font=\"true\">Cuando compra algo en nuestra tienda, como parte del proceso de compra y venta, recopilamos la informaci\u00f3n personal que nos proporciona, como su nombre, direcci\u00f3n y direcci\u00f3n de correo electr\u00f3nico.<\/span><br \/><\/span><\/span><span style=\"letter-spacing: normal\" data-fusion-font=\"true\"><span style=\"font-size: 15px\" data-fusion-font=\"true\"><span style=\"line-height: 29px\" data-fusion-font=\"true\">Cuando navega por nuestra tienda, tambi\u00e9n recibimos autom\u00e1ticamente la direcci\u00f3n de protocolo de Internet (IP) de su computadora para proporcionarnos informaci\u00f3n que nos ayude a conocer su navegador y sistema operativo.<\/span><br \/><\/span><\/span><span style=\"letter-spacing: normal\" data-fusion-font=\"true\"><span style=\"font-size: 15px\" data-fusion-font=\"true\"><span style=\"line-height: 29px\" data-fusion-font=\"true\">Marketing por correo electr\u00f3nico (si corresponde): con su permiso, podemos enviarle correos electr\u00f3nicos sobre nuestra tienda, nuevos productos y otras actualizaciones.<\/span><br \/><\/span><\/span><span style=\"letter-spacing: normal\" data-fusion-font=\"true\"><span style=\"font-size: 15px\" data-fusion-font=\"true\"><span style=\"line-height: 29px\" data-fusion-font=\"true\"><b>SECCI\u00d3N 2: \u00bfC\u00d3MO OBTIENE MI CONSENTIMIENTO?<\/b><\/span><br \/><\/span><\/span><span style=\"font-size: 17px\" data-fusion-font=\"true\"><span style=\"letter-spacing: normal\" data-fusion-font=\"true\"><span style=\"font-size: 15px;line-height: 29px\" data-fusion-font=\"true\">Cuando nos proporciona informaci\u00f3n personal para completar una transacci\u00f3n, verificar su tarjeta de cr\u00e9dito, realizar un pedido, organizar una entrega o devolver una compra, damos a entender que da su consentimiento para que la recopilemos y la usemos solo por ese motivo espec\u00edfico.<\/span><\/span><\/span><span style=\"font-size: 17px\" data-fusion-font=\"true\"><span style=\"letter-spacing: normal\" data-fusion-font=\"true\"><br \/><\/span><\/span><span style=\"font-size: 17px\" data-fusion-font=\"true\"><span style=\"letter-spacing: normal\" data-fusion-font=\"true\"><span style=\"font-size: 15px\" data-fusion-font=\"true\"><span style=\"line-height: 29px\" data-fusion-font=\"true\"><br \/>Si solicitamos su informaci\u00f3n personal por un motivo secundario, como marketing, le pediremos directamente su consentimiento expreso o le daremos la oportunidad de decir que no.<\/span><br \/><\/span><\/span><\/span><span style=\"letter-spacing: normal\" data-fusion-font=\"true\"><span style=\"font-size: 15px\" data-fusion-font=\"true\"><span style=\"line-height: 29px\" data-fusion-font=\"true\"><b>\u00bfC\u00d3MO RETIRO MI CONSENTIMIENTO?<\/b><\/span><br \/><\/span><\/span><span style=\"letter-spacing: normal\" data-fusion-font=\"true\"><span style=\"font-size: 15px\" data-fusion-font=\"true\"><span style=\"line-height: 29px\" data-fusion-font=\"true\">Si despu\u00e9s de darse de alta, cambia de opini\u00f3n, puede retirar su consentimiento para que nos pongamos en contacto con usted, para que sigamos recopilando, utilizando o divulgando su informaci\u00f3n, en cualquier momento, poni\u00e9ndose en contacto con nosotros o envi\u00e1ndonos un correo a:<\/span><br \/><\/span><\/span><strong style=\"font-size: 17px\" data-fusion-font=\"true\"><span style=\"letter-spacing: normal\" data-fusion-font=\"true\"><span style=\"font-size: 15px\" data-fusion-font=\"true\"><span style=\"line-height: 29px\" data-fusion-font=\"true\">Cool Hunter<\/span><br \/><\/span><\/span><\/strong><b><span style=\"font-size: 17px\" data-fusion-font=\"true\"><span style=\"letter-spacing: normal\" data-fusion-font=\"true\"><span style=\"font-size: 15px\" data-fusion-font=\"true\"><span style=\"line-height: 29px\" data-fusion-font=\"true\">Manzana 1C, Local 3, Avenida Santa Isabel entre calle 13 y 14,<\/span><br \/><\/span><\/span><\/span><\/b><b><span style=\"color: var(--body_typography-color);font-family: var(--body_typography-font-family);font-size: var(--body_typography-font-size);font-style: var(--body_typography-font-style,normal);letter-spacing: var(--body_typography-letter-spacing)\"><span style=\"font-size: 17px\" data-fusion-font=\"true\"><span style=\"letter-spacing: normal\" data-fusion-font=\"true\"><span style=\"font-size: 15px\" data-fusion-font=\"true\"><span style=\"line-height: 29px\" data-fusion-font=\"true\">al lado de Calza Factory,<\/span><br \/><\/span><\/span><\/span><\/span><\/b><b><span style=\"color: var(--body_typography-color);font-family: var(--body_typography-font-family);font-size: 17px;font-style: var(--body_typography-font-style,normal);letter-spacing: var(--body_typography-letter-spacing)\" data-fusion-font=\"true\"><span style=\"letter-spacing: normal\" data-fusion-font=\"true\"><span style=\"font-size: 15px\" data-fusion-font=\"true\"><span style=\"line-height: 29px\" data-fusion-font=\"true\">Zona Libre de Col\u00f3n<\/span><br \/><\/span><\/span><\/span><\/b><strong style=\"font-size: 17px\" data-fusion-font=\"true\"><span style=\"letter-spacing: normal\" data-fusion-font=\"true\"><span style=\"font-size: 15px\" data-fusion-font=\"true\"><span style=\"line-height: 29px\" data-fusion-font=\"true\">Panam\u00e1<\/span><br \/><\/span><\/span><\/strong><span style=\"letter-spacing: normal\" data-fusion-font=\"true\"><span style=\"font-size: 15px\" data-fusion-font=\"true\"><span style=\"line-height: 29px\" data-fusion-font=\"true\">SECCI\u00d3N 3 - DIVULGACI\u00d3N.<\/span><br \/><\/span><\/span><span style=\"letter-spacing: normal\" data-fusion-font=\"true\"><span style=\"font-size: 15px\" data-fusion-font=\"true\"><span style=\"line-height: 29px\" data-fusion-font=\"true\">Podemos divulgar su informaci\u00f3n personal si as\u00ed lo exige la ley o si viola nuestros T\u00e9rminos de servicio.<\/span><br \/><\/span><\/span><span style=\"letter-spacing: normal\" data-fusion-font=\"true\"><span style=\"font-size: 15px\" data-fusion-font=\"true\"><span style=\"line-height: 29px\" data-fusion-font=\"true\">SECCI\u00d3N 4-<\/span><br \/><\/span><\/span><span style=\"letter-spacing: normal\" data-fusion-font=\"true\"><span style=\"font-size: 15px\" data-fusion-font=\"true\"><span style=\"line-height: 29px\" data-fusion-font=\"true\">Our store is hosted on CoolHunter. They provide us with the online e-commerce platform that allows us to sell our products to you.<\/span><br \/><\/span><\/span><span style=\"letter-spacing: normal\" data-fusion-font=\"true\"><span style=\"font-size: 15px\" data-fusion-font=\"true\"><span style=\"line-height: 29px\" data-fusion-font=\"true\">Sus datos se almacenan a trav\u00e9s de almacenamiento de datos, bases de datos y la aplicaci\u00f3n general. Almacenan sus datos en un servidor seguro detr\u00e1s de un firewall.<\/span><br \/><\/span><\/span><span style=\"letter-spacing: normal\" data-fusion-font=\"true\"><span style=\"font-size: 15px\" data-fusion-font=\"true\"><span style=\"line-height: 29px\" data-fusion-font=\"true\">SECCI\u00d3N 4 - PAGO.<\/span><br \/><\/span><\/span><span style=\"letter-spacing: normal\" data-fusion-font=\"true\"><span style=\"font-size: 15px\" data-fusion-font=\"true\"><span style=\"line-height: 29px\" data-fusion-font=\"true\">Si elige una pasarela de pago directo para completar su compra, almacenamos los datos de su tarjeta de cr\u00e9dito. Est\u00e1 cifrado a trav\u00e9s del Est\u00e1ndar de seguridad de datos de la industria de tarjetas de pago (PCI-DSS).<\/span><br \/><\/span><\/span><span style=\"letter-spacing: normal\" data-fusion-font=\"true\"><span style=\"font-size: 15px\" data-fusion-font=\"true\"><span style=\"line-height: 29px\" data-fusion-font=\"true\">Los datos de su transacci\u00f3n de compra se almacenan solo el tiempo que sea necesario para completar su transacci\u00f3n de compra. Una vez que se haya completado, se eliminar\u00e1 la informaci\u00f3n de su transacci\u00f3n de compra.<\/span><br \/><\/span><\/span><span style=\"letter-spacing: normal\" data-fusion-font=\"true\"><span style=\"font-size: 15px\" data-fusion-font=\"true\"><span style=\"line-height: 29px\" data-fusion-font=\"true\">Todas las pasarelas de pago directo se adhieren a los est\u00e1ndares establecidos por PCI-DSS administrados por el PCI Security Standards Council, que es un esfuerzo conjunto de marcas como Visa, MasterCard, American Express y Discover.<\/span><br \/><\/span><\/span><span style=\"letter-spacing: normal\" data-fusion-font=\"true\"><span style=\"font-size: 15px\" data-fusion-font=\"true\"><span style=\"line-height: 29px\" data-fusion-font=\"true\">Los requisitos de PCI-DSS ayudan a garantizar el manejo seguro de la informaci\u00f3n de la tarjeta de cr\u00e9dito por parte de nuestra tienda y sus proveedores de servicios.<\/span><br \/><\/span><\/span><span style=\"letter-spacing: normal\" data-fusion-font=\"true\"><span style=\"font-size: 15px\" data-fusion-font=\"true\"><span style=\"line-height: 29px\" data-fusion-font=\"true\">SECCI\u00d3N 5 - SERVICIOS DE TERCEROS<\/span><br \/><\/span><\/span><span style=\"letter-spacing: normal\" data-fusion-font=\"true\"><span style=\"font-size: 15px\" data-fusion-font=\"true\"><span style=\"line-height: 29px\" data-fusion-font=\"true\">En general, los proveedores externos que utilizamos solo recopilar\u00e1n, usar\u00e1n y divulgar\u00e1n su informaci\u00f3n en la medida necesaria para permitirles realizar los servicios que nos brindan.<\/span><br \/><\/span><\/span><span style=\"letter-spacing: normal\" data-fusion-font=\"true\"><span style=\"font-size: 15px\" data-fusion-font=\"true\"><span style=\"line-height: 29px\" data-fusion-font=\"true\">Sin embargo, ciertos proveedores de servicios de terceros, como pasarelas de pago y otros procesadores de transacciones de pago, tienen sus propias pol\u00edticas de privacidad con respecto a la informaci\u00f3n que estamos obligados a proporcionarles para sus transacciones relacionadas con la compra.<\/span><br \/><\/span><\/span><span style=\"letter-spacing: normal\" data-fusion-font=\"true\"><span style=\"font-size: 15px\" data-fusion-font=\"true\"><span style=\"line-height: 29px\" data-fusion-font=\"true\">Para estos proveedores, le recomendamos que lea sus pol\u00edticas de privacidad para que pueda comprender la forma en que estos proveedores manejar\u00e1n su informaci\u00f3n personal.<\/span><br \/><\/span><\/span><span style=\"font-size: 17px\" data-fusion-font=\"true\"><span style=\"letter-spacing: normal\" data-fusion-font=\"true\"><span style=\"font-size: 15px;line-height: 29px\" data-fusion-font=\"true\">En particular, recuerde que ciertos proveedores pueden estar ubicados o tener instalaciones que se encuentran en una jurisdicci\u00f3n diferente a la suya o la nuestra. Por lo tanto, si elige continuar con una transacci\u00f3n que involucra los servicios de un proveedor de servicios externo, su informaci\u00f3n puede estar sujeta a las leyes de las jurisdicciones en las que se encuentran ese proveedor de servicios o sus instalaciones.<\/span><\/span><\/span><span style=\"font-size: 17px\" data-fusion-font=\"true\"><span style=\"letter-spacing: normal\" data-fusion-font=\"true\"><br \/><\/span><\/span><span style=\"font-size: 17px\" data-fusion-font=\"true\"><span style=\"letter-spacing: normal\" data-fusion-font=\"true\"><span style=\"font-size: 15px\" data-fusion-font=\"true\"><span style=\"line-height: 29px\" data-fusion-font=\"true\"><br \/>Por ejemplo, si se encuentra en Panam\u00e1 y su transacci\u00f3n es procesada por una pasarela de pago ubicada en los Estados Unidos, entonces su informaci\u00f3n personal utilizada para completar esa transacci\u00f3n puede estar sujeta a divulgaci\u00f3n bajo la legislaci\u00f3n de los Estados Unidos, incluida la Ley Patriota.<\/span><br \/><\/span><\/span><\/span><span style=\"letter-spacing: normal\" data-fusion-font=\"true\"><span style=\"font-size: 15px\" data-fusion-font=\"true\"><span style=\"line-height: 29px\" data-fusion-font=\"true\">Una vez que abandona el sitio web de nuestra tienda o es redirigido a un sitio web o aplicaci\u00f3n de terceros, ya no se rige por esta Pol\u00edtica de privacidad ni por los T\u00e9rminos de servicio de nuestro sitio web.<\/span><br \/><\/span><\/span><span style=\"letter-spacing: normal\" data-fusion-font=\"true\"><span style=\"font-size: 15px\" data-fusion-font=\"true\"><span style=\"line-height: 29px\" data-fusion-font=\"true\">Enlaces de terceros:<\/span><br \/><\/span><\/span><span style=\"letter-spacing: normal\" data-fusion-font=\"true\"><span style=\"font-size: 15px\" data-fusion-font=\"true\"><span style=\"line-height: 29px\" data-fusion-font=\"true\">Cuando hace clic en los enlaces de nuestra tienda, es posible que lo desv\u00eden de nuestro sitio. No somos responsables de las pr\u00e1cticas de privacidad de otros sitios y le recomendamos que lea sus declaraciones de privacidad.<\/span><br \/><\/span><\/span><span style=\"letter-spacing: normal\" data-fusion-font=\"true\"><span style=\"font-size: 15px\" data-fusion-font=\"true\"><span style=\"line-height: 29px\" data-fusion-font=\"true\">SECCI\u00d3N 6 - SEGURIDAD<\/span><br \/><\/span><\/span><span style=\"letter-spacing: normal\" data-fusion-font=\"true\"><span style=\"font-size: 15px\" data-fusion-font=\"true\"><span style=\"line-height: 29px\" data-fusion-font=\"true\">Para proteger su informaci\u00f3n personal, tomamos precauciones razonables y seguimos las mejores pr\u00e1cticas de la industria para asegurarnos de que no se pierda, use indebidamente, acceda, divulgue, altere o destruya de manera inapropiada. Si nos proporciona la informaci\u00f3n de su tarjeta de cr\u00e9dito, la informaci\u00f3n se cifra mediante la tecnolog\u00eda de capa de conexi\u00f3n segura (SSL) y se almacena con un cifrado AES-256. Aunque ning\u00fan m\u00e9todo de transmisi\u00f3n a trav\u00e9s de Internet o almacenamiento electr\u00f3nico es 100% seguro, seguimos todos los requisitos de PCI-DSS e implementamos est\u00e1ndares adicionales generalmente aceptados de la industria. La informaci\u00f3n de identificaci\u00f3n personal que recopilamos sobre usted se almacena en servidores con acceso limitado. Mantendremos medidas de seguridad para proteger la seguridad de estos servidores y su informaci\u00f3n de identificaci\u00f3n personal.<\/span><br \/><\/span><\/span><span style=\"letter-spacing: normal\" data-fusion-font=\"true\"><span style=\"font-size: 15px\" data-fusion-font=\"true\"><span style=\"line-height: 29px\" data-fusion-font=\"true\">SECCI\u00d3N 7 - COOKIES<\/span><br \/><\/span><\/span><span style=\"letter-spacing: normal\" data-fusion-font=\"true\"><span style=\"font-size: 15px\" data-fusion-font=\"true\"><span style=\"line-height: 29px\" data-fusion-font=\"true\">Usamos tecnolog\u00eda de cookies para ayudar a los visitantes y clientes a moverse por nuestro sitio m\u00e1s r\u00e1pidamente. Cuando accede a nuestro sitio web o aprovecha varias funciones clave, podemos pasar cookies a su computadora. Una cookie es una cadena de informaci\u00f3n que es enviada por un sitio web y almacenada en su disco duro o temporalmente en la memoria de su computadora.<\/span><br \/><\/span><\/span><span style=\"letter-spacing: normal\" data-fusion-font=\"true\"><span style=\"font-size: 15px\" data-fusion-font=\"true\"><span style=\"line-height: 29px\" data-fusion-font=\"true\">SECCI\u00d3N 8 - EDAD DE CONSENTIMIENTO<\/span><br \/><\/span><\/span><span style=\"letter-spacing: normal\" data-fusion-font=\"true\"><span style=\"font-size: 15px\" data-fusion-font=\"true\"><span style=\"line-height: 29px\" data-fusion-font=\"true\">Al utilizar este sitio, usted declara que tiene al menos la mayor\u00eda de edad en su pa\u00eds o shop_contact_province o_state de residencia, o que tiene la mayor\u00eda de edad en su estado o shop_contact_province o_state de residencia y nos ha dado su consentimiento para cualquiera de sus dependientes menores para usar este sitio.<\/span><br \/><\/span><\/span><span style=\"letter-spacing: normal\" data-fusion-font=\"true\"><span style=\"font-size: 15px\" data-fusion-font=\"true\"><span style=\"line-height: 29px\" data-fusion-font=\"true\">SECCI\u00d3N 9 - CAMBIOS A ESTA POL\u00cdTICA DE PRIVACIDAD<\/span><br \/><\/span><\/span><span style=\"letter-spacing: normal\" data-fusion-font=\"true\"><span style=\"font-size: 15px\" data-fusion-font=\"true\"><span style=\"line-height: 29px\" data-fusion-font=\"true\">Nos reservamos el derecho de modificar esta pol\u00edtica de privacidad en cualquier momento, as\u00ed que rev\u00edsela con frecuencia. Los cambios y aclaraciones entrar\u00e1n en vigor inmediatamente despu\u00e9s de su publicaci\u00f3n en el sitio web. Si realizamos cambios sustanciales a esta pol\u00edtica, le notificaremos aqu\u00ed que se ha actualizado, para que sepa qu\u00e9 informaci\u00f3n recopilamos, c\u00f3mo la usamos y bajo qu\u00e9 circunstancias, si las hay, usamos y \/ o divulgamos. eso. Si nuestra tienda es adquirida o fusionada con otra empresa, su informaci\u00f3n puede ser transferida a los nuevos propietarios para que podamos seguir vendi\u00e9ndole productos.<\/span><br \/><\/span><\/span><span style=\"letter-spacing: normal\" data-fusion-font=\"true\"><span style=\"font-size: 15px\" data-fusion-font=\"true\"><span style=\"line-height: 29px\" data-fusion-font=\"true\">SECCI\u00d3N 10- PREGUNTAS E INFORMACI\u00d3N DE CONTACTO<\/span><br \/><\/span><\/span><span style=\"letter-spacing: normal\" data-fusion-font=\"true\"><span style=\"font-size: 15px\" data-fusion-font=\"true\"><span style=\"line-height: 29px\" data-fusion-font=\"true\">If you would like to: access, correct, amend or delete any personal information we have about you, register a complaint, or simply want more information contact our Privacy Compliance Officer or by mail to the next address:<\/span><br \/><\/span><\/span><strong style=\"font-size: 17px\" data-fusion-font=\"true\"><span style=\"letter-spacing: normal\" data-fusion-font=\"true\"><span style=\"font-size: 15px\" data-fusion-font=\"true\"><span style=\"line-height: 29px\" data-fusion-font=\"true\">Cool Hunter<\/span><br \/><\/span><\/span><\/strong><b><span style=\"font-size: 17px\" data-fusion-font=\"true\"><span style=\"letter-spacing: normal\" data-fusion-font=\"true\"><span style=\"font-size: 15px\" data-fusion-font=\"true\"><span style=\"line-height: 29px\" data-fusion-font=\"true\">Manzana 1C, Local 3, Avenida Santa Isabel entre calle 13 y 14,<\/span><br \/><\/span><\/span><\/span><\/b><b><span style=\"font-size: 17px\" data-fusion-font=\"true\"><span style=\"letter-spacing: normal\" data-fusion-font=\"true\"><span style=\"font-size: 15px\" data-fusion-font=\"true\"><span style=\"line-height: 29px\" data-fusion-font=\"true\">al lado de Calza Factory,<\/span><br \/><\/span><\/span><\/span><\/b><b><span style=\"font-size: 17px\" data-fusion-font=\"true\"><span style=\"letter-spacing: normal\" data-fusion-font=\"true\"><span style=\"font-size: 15px\" data-fusion-font=\"true\"><span style=\"line-height: 29px\" data-fusion-font=\"true\">Zona Libre de Col\u00f3n<\/span><br \/><\/span><\/span><\/span><\/b><strong style=\"font-size: 15px;letter-spacing: normal;line-height: 29px\" data-fusion-font=\"true\">Panam\u00e1<\/strong><\/p>\n<p style=\"font-size: 17px\" data-fusion-font=\"true\">\u00a0<\/p><\/p>\n<\/div><\/div><\/div><style type=\"text\/css\">.fusion-body .fusion-builder-column-0{width:100% !important;margin-top : 0px;margin-bottom : 0px;}.fusion-builder-column-0 > .fusion-column-wrapper {padding-top : 0px !important;padding-right : 0px !important;margin-right : 0px;padding-bottom : 0px !important;padding-left : 0px !important;margin-left : 0px;}@media only screen and (max-width:1024px) {.fusion-body .fusion-builder-column-0{width:100% !important;}.fusion-builder-column-0 > .fusion-column-wrapper {margin-right : 0px;margin-left : 0px;}}@media only screen and (max-width:640px) {.fusion-body .fusion-builder-column-0{width:100% !important;}.fusion-builder-column-0 > .fusion-column-wrapper {margin-right : 0px;margin-left : 0px;}}<\/style><\/div><style type=\"text\/css\">.fusion-body .fusion-flex-container.fusion-builder-row-1{ padding-top : 0px;margin-top : 0px;padding-right : 0px;padding-bottom : 0px;margin-bottom : 0px;padding-left : 0px;}<\/style><\/div>","protected":false},"excerpt":{"rendered":"","protected":false},"author":4,"featured_media":0,"parent":0,"menu_order":0,"comment_status":"closed","ping_status":"closed","template":"","meta":{"footnotes":""},"class_list":["post-3","page","type-page","status-publish","hentry"],"_links":{"self":[{"href":"https:\/\/cool-hunteronline.com\/es\/wp-json\/wp\/v2\/pages\/3","targetHints":{"allow":["GET"]}}],"collection":[{"href":"https:\/\/cool-hunteronline.com\/es\/wp-json\/wp\/v2\/pages"}],"about":[{"href":"https:\/\/cool-hunteronline.com\/es\/wp-json\/wp\/v2\/types\/page"}],"author":[{"embeddable":true,"href":"https:\/\/cool-hunteronline.com\/es\/wp-json\/wp\/v2\/users\/4"}],"replies":[{"embeddable":true,"href":"https:\/\/cool-hunteronline.com\/es\/wp-json\/wp\/v2\/comments?post=3"}],"version-history":[{"count":3,"href":"https:\/\/cool-hunteronline.com\/es\/wp-json\/wp\/v2\/pages\/3\/revisions"}],"predecessor-version":[{"id":20708,"href":"https:\/\/cool-hunteronline.com\/es\/wp-json\/wp\/v2\/pages\/3\/revisions\/20708"}],"wp:attachment":[{"href":"https:\/\/cool-hunteronline.com\/es\/wp-json\/wp\/v2\/media?parent=3"}],"curies":[{"name":"wp","href":"https:\/\/api.w.org\/{rel}","templated":true}]}}